{"id":16826,"date":"2026-01-28T09:38:55","date_gmt":"2026-01-28T09:38:55","guid":{"rendered":"https:\/\/platformecoteach.disruptia.es\/hands-on-exercises\/"},"modified":"2026-01-28T12:30:31","modified_gmt":"2026-01-28T12:30:31","slug":"hands-on-exercises","status":"publish","type":"page","link":"https:\/\/platformecoteach.disruptia.es\/tr\/hands-on-exercises\/","title":{"rendered":"Uygulamal\u0131 Al\u0131\u015ft\u0131rmalar"},"content":{"rendered":"\t\t<div data-elementor-type=\"wp-page\" data-elementor-id=\"16826\" class=\"elementor elementor-16826 elementor-16776\">\n\t\t\t\t\t\t<section class=\"elementor-section elementor-top-section elementor-element elementor-element-3b9d4c8 elementor-section-height-min-height elementor-section-boxed elementor-section-height-default elementor-section-items-middle\" data-id=\"3b9d4c8\" data-element_type=\"section\" data-e-type=\"section\" data-settings=\"{&quot;background_background&quot;:&quot;classic&quot;}\">\n\t\t\t\t\t\t<div class=\"elementor-container elementor-column-gap-default\">\n\t\t\t\t\t<div class=\"elementor-column elementor-col-100 elementor-top-column elementor-element elementor-element-436514c\" data-id=\"436514c\" data-element_type=\"column\" data-e-type=\"column\">\n\t\t\t<div class=\"elementor-widget-wrap elementor-element-populated\">\n\t\t\t\t\t\t<div class=\"elementor-element elementor-element-df6ecb8 elementor-widget elementor-widget-heading\" data-id=\"df6ecb8\" data-element_type=\"widget\" data-e-type=\"widget\" data-widget_type=\"heading.default\">\n\t\t\t\t<div class=\"elementor-widget-container\">\n\t\t\t\t\t<h2 class=\"elementor-heading-title elementor-size-default\">Uygulamal\u0131 Al\u0131\u015ft\u0131rmalar<\/h2>\t\t\t\t<\/div>\n\t\t\t\t<\/div>\n\t\t\t\t\t<\/div>\n\t\t<\/div>\n\t\t\t\t\t<\/div>\n\t\t<\/section>\n\t\t\t\t<section class=\"elementor-section elementor-top-section elementor-element elementor-element-45bcdf5 elementor-section-boxed elementor-section-height-default elementor-section-height-default\" data-id=\"45bcdf5\" data-element_type=\"section\" data-e-type=\"section\">\n\t\t\t\t\t\t<div class=\"elementor-container elementor-column-gap-default\">\n\t\t\t\t\t<div class=\"elementor-column elementor-col-100 elementor-top-column elementor-element elementor-element-9997943\" data-id=\"9997943\" data-element_type=\"column\" data-e-type=\"column\">\n\t\t\t<div class=\"elementor-widget-wrap elementor-element-populated\">\n\t\t\t\t\t\t<div class=\"elementor-element elementor-element-3c928bd elementor-widget elementor-widget-spacer\" data-id=\"3c928bd\" data-element_type=\"widget\" data-e-type=\"widget\" data-widget_type=\"spacer.default\">\n\t\t\t\t<div class=\"elementor-widget-container\">\n\t\t\t\t\t\t\t<div class=\"elementor-spacer\">\n\t\t\t<div class=\"elementor-spacer-inner\"><\/div>\n\t\t<\/div>\n\t\t\t\t\t\t<\/div>\n\t\t\t\t<\/div>\n\t\t\t\t\t<\/div>\n\t\t<\/div>\n\t\t\t\t\t<\/div>\n\t\t<\/section>\n\t\t\t\t<section class=\"elementor-section elementor-top-section elementor-element elementor-element-2ae5742 elementor-section-boxed elementor-section-height-default elementor-section-height-default\" data-id=\"2ae5742\" data-element_type=\"section\" data-e-type=\"section\">\n\t\t\t\t\t\t<div class=\"elementor-container elementor-column-gap-default\">\n\t\t\t\t\t<div class=\"elementor-column elementor-col-100 elementor-top-column elementor-element elementor-element-6694ee0\" data-id=\"6694ee0\" data-element_type=\"column\" data-e-type=\"column\">\n\t\t\t<div class=\"elementor-widget-wrap elementor-element-populated\">\n\t\t\t\t\t\t<div class=\"elementor-element elementor-element-a937ca2 elementor-widget elementor-widget-text-editor\" data-id=\"a937ca2\" data-element_type=\"widget\" data-e-type=\"widget\" data-widget_type=\"text-editor.default\">\n\t\t\t\t<div class=\"elementor-widget-container\">\n\t\t\t\t\t\t\t\t\t<p>Lorem ipsum dolor sit amet, consectetur adipiscing elit. Mauris congue tincidunt risus sodales sollicitudin. Cras ullamcorper bibendum ante at maximus. Duis aliquam mauris et lectus porttitor, sit amet placerat ante interdum. Vivamus augue dolor, egestas non eros id, pulvinar laoreet diam. Aenean dictum risus ipsum, quis ullamcorper massa ullamcorper sed. Ut eu neque id quam ornare suscipit non nec ipsum. Nunc mauris odio, bibendum ac aliquam eu, gravida eu ipsum. Quisque fermentum lorem a tempor elementum.<\/p><p>Praesent nec suscipit mauris. Donec efficitur feugiat metus ullamcorper tincidunt. Fusce quis lacus sem. In molestie, diam vitae rhoncus eleifend, erat tortor consectetur risus, eget tristique dui erat nec justo. Vestibulum faucibus velit dolor, suscipit maximus risus ultrices sit amet. Aenean lacinia aliquet odio, sit amet feugiat erat faucibus sed. Sed purus eros, porttitor ut tortor tempor, elementum posuere elit. In sed enim tempus, ultrices felis eget, sollicitudin eros.<\/p>\t\t\t\t\t\t\t\t<\/div>\n\t\t\t\t<\/div>\n\t\t\t\t\t<\/div>\n\t\t<\/div>\n\t\t\t\t\t<\/div>\n\t\t<\/section>\n\t\t<div class=\"elementor-element elementor-element-7f0e33b e-flex e-con-boxed e-con e-parent\" data-id=\"7f0e33b\" data-element_type=\"container\" data-e-type=\"container\">\n\t\t\t\t\t<div class=\"e-con-inner\">\n\t\t<div class=\"elementor-element elementor-element-907254d e-con-full e-flex e-con e-child\" data-id=\"907254d\" data-element_type=\"container\" data-e-type=\"container\">\n\t\t\t\t<div class=\"elementor-element elementor-element-54984f2 elementor-widget elementor-widget-ucaddon_pdf_viewer\" data-id=\"54984f2\" data-element_type=\"widget\" data-e-type=\"widget\" data-widget_type=\"ucaddon_pdf_viewer.default\">\n\t\t\t\t<div class=\"elementor-widget-container\">\n\t\t\t\t\t\n<!-- start PDF Viewer -->\n<style>\/* widget: PDF Viewer *\/\n\n#uc_pdf_viewer_elementor_54984f2{\n  min-height: 1px;\n}\n\n#uc_pdf_viewer_elementor_54984f2 .ue-pdf-viewer-nav-buttons{\n  display: flex;\n}\n\n#uc_pdf_viewer_elementor_54984f2 .ue-pdf-viewer-nav-arrow{\n  display: inline-flex;\n  align-items: center;\n  justify-content: center;\n  cursor: pointer;\n}\n\n#uc_pdf_viewer_elementor_54984f2 .ue-pdf-viewer-nav-arrow-icon{\n  display: flex;\n  align-items: center;\n  justify-content: center;\n}\n\n#uc_pdf_viewer_elementor_54984f2 .ue-pdf-viewer-nav{\n  display: flex;\n}\n\n#uc_pdf_viewer_elementor_54984f2 .ue-pdf-viewer-fullscreen{\n  display: inline-block;\n  transition: all .3s ease;\n}\n\n<\/style>\n\n\n<div id=\"uc_pdf_viewer_elementor_54984f2\" class=\"ue-pdf-viewer\" role=\"region\" aria-label=\"PDF document viewer\">\n  \n       \n  \n      \t  \t  \n  \n  \t\t<iframe src=\"https:\/\/platformecoteach.disruptia.es\/wp-content\/uploads\/2026\/01\/Ejemplo-de-descarga-pdf.pdf\" width=\"100%\" height=\"600px\" title=\"PDF document viewer\"><\/iframe>\n  \t<\/div>\n\n<script type=\"module\">\n\n<\/script>\n<!-- end PDF Viewer -->\t\t\t\t<\/div>\n\t\t\t\t<\/div>\n\t\t\t\t<\/div>\n\t\t<div class=\"elementor-element elementor-element-c569ead e-con-full e-flex e-con e-child\" data-id=\"c569ead\" data-element_type=\"container\" data-e-type=\"container\">\n\t\t\t\t<\/div>\n\t\t\t\t\t<\/div>\n\t\t\t\t<\/div>\n\t\t<div class=\"elementor-element elementor-element-c2101c7 e-flex e-con-boxed e-con e-parent\" data-id=\"c2101c7\" data-element_type=\"container\" data-e-type=\"container\">\n\t\t\t\t\t<div class=\"e-con-inner\">\n\t\t\t\t<div class=\"elementor-element elementor-element-0662760 elementor-widget elementor-widget-button\" data-id=\"0662760\" data-element_type=\"widget\" data-e-type=\"widget\" data-widget_type=\"button.default\">\n\t\t\t\t<div class=\"elementor-widget-container\">\n\t\t\t\t\t\t\t\t\t<div class=\"elementor-button-wrapper\">\n\t\t\t\t\t<a class=\"elementor-button elementor-button-link elementor-size-sm\" href=\"#\">\n\t\t\t\t\t\t<span class=\"elementor-button-content-wrapper\">\n\t\t\t\t\t\t\t\t\t<span class=\"elementor-button-text\">Download PDF<\/span>\n\t\t\t\t\t<\/span>\n\t\t\t\t\t<\/a>\n\t\t\t\t<\/div>\n\t\t\t\t\t\t\t\t<\/div>\n\t\t\t\t<\/div>\n\t\t\t\t\t<\/div>\n\t\t\t\t<\/div>\n\t\t\t\t<\/div>\n\t\t","protected":false},"excerpt":{"rendered":"<p>Uygulamal\u0131 Al\u0131\u015ft\u0131rmalar Lorem ipsum dolor sit amet, consectetur adipiscing elit. Mauris congue tincidunt risus sodales sollicitudin. Cras ullamcorper bibendum ante at maximus. Duis aliquam mauris et lectus porttitor, sit amet &hellip; <\/p>\n","protected":false},"author":52,"featured_media":0,"parent":0,"menu_order":0,"comment_status":"closed","ping_status":"closed","template":"elementor_header_footer","meta":{"footnotes":""},"class_list":["post-16826","page","type-page","status-publish","hentry"],"_links":{"self":[{"href":"https:\/\/platformecoteach.disruptia.es\/tr\/wp-json\/wp\/v2\/pages\/16826","targetHints":{"allow":["GET"]}}],"collection":[{"href":"https:\/\/platformecoteach.disruptia.es\/tr\/wp-json\/wp\/v2\/pages"}],"about":[{"href":"https:\/\/platformecoteach.disruptia.es\/tr\/wp-json\/wp\/v2\/types\/page"}],"author":[{"embeddable":true,"href":"https:\/\/platformecoteach.disruptia.es\/tr\/wp-json\/wp\/v2\/users\/52"}],"replies":[{"embeddable":true,"href":"https:\/\/platformecoteach.disruptia.es\/tr\/wp-json\/wp\/v2\/comments?post=16826"}],"version-history":[{"count":12,"href":"https:\/\/platformecoteach.disruptia.es\/tr\/wp-json\/wp\/v2\/pages\/16826\/revisions"}],"predecessor-version":[{"id":17054,"href":"https:\/\/platformecoteach.disruptia.es\/tr\/wp-json\/wp\/v2\/pages\/16826\/revisions\/17054"}],"wp:attachment":[{"href":"https:\/\/platformecoteach.disruptia.es\/tr\/wp-json\/wp\/v2\/media?parent=16826"}],"curies":[{"name":"wp","href":"https:\/\/api.w.org\/{rel}","templated":true}]}}